{"id":43,"date":"2025-03-13T11:32:37","date_gmt":"2025-03-13T11:32:37","guid":{"rendered":"https:\/\/diving-aware.com\/?page_id=43"},"modified":"2025-04-28T20:44:21","modified_gmt":"2025-04-28T20:44:21","slug":"a-propos","status":"publish","type":"page","link":"https:\/\/diving-aware.com\/en\/a-propos\/","title":{"rendered":"About"},"content":{"rendered":"<p class=\"has-ast-global-color-0-color has-text-color has-link-color has-large-font-size wp-elements-65fa86977dc0de15bac8b73618fcf5e7\"><strong>About Diving Aware<\/strong><\/p>\n\n\n\n<p class=\"has-medium-font-size\"><strong>The breath of water, the breath of life.<\/strong><\/p>\n\n\n\n<p>Diving Aware was born from a simple desire: to slow down, to feel, to reconnect with oneself and with nature trough the ocean. Here, diving is not about performance. It is a breath, a meeting, a way of life.<br>Ici, la plong\u00e9e n\u2019est pas une performance. C\u2019est une respiration, une rencontre, un art de vivre.<\/p>\n\n\n\n<p>Each immersion becomes an inner journey carried by yhe tranquil breath of water. Whether you are new to diving or experienced, I invite you to explore a different approach: slow diving.<br>Que vous soyez novice ou plongeur exp\u00e9riment\u00e9, je vous invite \u00e0 d\u00e9couvrir une approche diff\u00e9rente : le slow diving.<\/p>\n\n\n\n<p>Through gentle currents and quiet undulations, Diving Aware guides you into a sensitive ans conscious experience of the sea.<\/p>\n\n\n\n<p>Dive differently. Breathe deeply. Rediscover the natural rhythm of the world.<\/p>\n\n\n\n<blockquote class=\"wp-block-quote is-layout-flow wp-block-quote-is-layout-flow\">\n<p class=\"has-text-align-center has-medium-font-size\"><strong><em>\"Where water breathes, life is reborn.\"<\/em><\/strong> &#8211; <em>Philippe Galland<\/em><\/p>\n<\/blockquote>\n\n\n\n<p><\/p>","protected":false},"excerpt":{"rendered":"<p>\u00c0 propos de Diving Aware Le souffle de l\u2019eau, le souffle de la vie. Diving Aware est n\u00e9 d\u2019un d\u00e9sir [&hellip;]<\/p>\n","protected":false},"author":1,"featured_media":0,"parent":0,"menu_order":0,"comment_status":"closed","ping_status":"closed","template":"","meta":{"site-sidebar-layout":"default","site-content-layout":"","ast-site-content-layout":"","site-content-style":"default","site-sidebar-style":"default","ast-global-header-display":"","ast-banner-title-visibility":"","ast-main-header-display":"","ast-hfb-above-header-display":"","ast-hfb-below-header-display":"","ast-hfb-mobile-header-display":"","site-post-title":"disabled","ast-breadcrumbs-content":"","ast-featured-img":"","footer-sml-layout":"","ast-disable-related-posts":"","theme-transparent-header-meta":"","adv-header-id-meta":"","stick-header-meta":"","header-above-stick-meta":"","header-main-stick-meta":"","header-below-stick-meta":"","astra-migrate-meta-layouts":"default","ast-page-background-enabled":"default","ast-page-background-meta":{"desktop":{"background-color":"var(--ast-global-color-5)","background-image":"","background-repeat":"repeat","background-position":"center center","background-size":"auto","background-attachment":"scroll","background-type":"","background-media":"","overlay-type":"","overlay-color":"","overlay-opacity":"","overlay-gradient":""},"tablet":{"background-color":"","background-image":"","background-repeat":"repeat","background-position":"center center","background-size":"auto","background-attachment":"scroll","background-type":"","background-media":"","overlay-type":"","overlay-color":"","overlay-opacity":"","overlay-gradient":""},"mobile":{"background-color":"","background-image":"","background-repeat":"repeat","background-position":"center center","background-size":"auto","background-attachment":"scroll","background-type":"","background-media":"","overlay-type":"","overlay-color":"","overlay-opacity":"","overlay-gradient":""}},"ast-content-background-meta":{"desktop":{"background-color":"var(--ast-global-color-4)","background-image":"","background-repeat":"repeat","background-position":"center center","background-size":"auto","background-attachment":"scroll","background-type":"","background-media":"","overlay-type":"","overlay-color":"","overlay-opacity":"","overlay-gradient":""},"tablet":{"background-color":"var(--ast-global-color-4)","background-image":"","background-repeat":"repeat","background-position":"center center","background-size":"auto","background-attachment":"scroll","background-type":"","background-media":"","overlay-type":"","overlay-color":"","overlay-opacity":"","overlay-gradient":""},"mobile":{"background-color":"var(--ast-global-color-4)","background-image":"","background-repeat":"repeat","background-position":"center center","background-size":"auto","background-attachment":"scroll","background-type":"","background-media":"","overlay-type":"","overlay-color":"","overlay-opacity":"","overlay-gradient":""}},"footnotes":""},"class_list":["post-43","page","type-page","status-publish","hentry"],"_links":{"self":[{"href":"https:\/\/diving-aware.com\/en\/wp-json\/wp\/v2\/pages\/43","targetHints":{"allow":["GET"]}}],"collection":[{"href":"https:\/\/diving-aware.com\/en\/wp-json\/wp\/v2\/pages"}],"about":[{"href":"https:\/\/diving-aware.com\/en\/wp-json\/wp\/v2\/types\/page"}],"author":[{"embeddable":true,"href":"https:\/\/diving-aware.com\/en\/wp-json\/wp\/v2\/users\/1"}],"replies":[{"embeddable":true,"href":"https:\/\/diving-aware.com\/en\/wp-json\/wp\/v2\/comments?post=43"}],"version-history":[{"count":8,"href":"https:\/\/diving-aware.com\/en\/wp-json\/wp\/v2\/pages\/43\/revisions"}],"predecessor-version":[{"id":155,"href":"https:\/\/diving-aware.com\/en\/wp-json\/wp\/v2\/pages\/43\/revisions\/155"}],"wp:attachment":[{"href":"https:\/\/diving-aware.com\/en\/wp-json\/wp\/v2\/media?parent=43"}],"curies":[{"name":"wp","href":"https:\/\/api.w.org\/{rel}","templated":true}]}}