{"id":212,"date":"2026-04-03T09:38:26","date_gmt":"2026-04-03T09:38:26","guid":{"rendered":"https:\/\/diving-aware.com\/?page_id=212"},"modified":"2026-04-07T10:27:53","modified_gmt":"2026-04-07T10:27:53","slug":"manifesto","status":"publish","type":"page","link":"https:\/\/diving-aware.com\/en\/manifesto\/","title":{"rendered":"Manifesto"},"content":{"rendered":"<h2 class=\"wp-block-heading has-ast-global-color-0-color has-text-color has-link-color has-large-font-size wp-elements-ae6dc763a157cca757eb0770c7fb9c38\">Le manifeste Diving Aware<\/h2>\n\n\n\n<p><strong>FR<\/strong><br>Apr\u00e8s de nombreuses ann\u00e9es comme instructeur de plong\u00e9e, j\u2019ai constat\u00e9 que l\u2019essentiel ne se trouve pas dans les manuels.<br>Respirer lentement. Se d\u00e9placer avec pr\u00e9cision. Observer sans d\u00e9ranger.<br>Ce manifeste est une synth\u00e8se de ces apprentissages essentiels.<\/p>\n\n\n\n<div class=\"wp-block-buttons alignfull is-content-justification-center is-layout-flex wp-container-core-buttons-is-layout-a89b3969 wp-block-buttons-is-layout-flex\">\n<div class=\"wp-block-button is-style-outline is-style-outline--1\"><a class=\"wp-block-button__link wp-element-button\">T\u00e9l\u00e9charger le manifeste<\/a><\/div>\n<\/div>\n\n\n\n<h2 class=\"wp-block-heading has-ast-global-color-0-color has-text-color has-link-color has-large-font-size wp-elements-b679daff3eeffcb14297587058f6d342\">Diving Aware Manifesto<\/h2>\n\n\n\n<p><strong>EN<\/strong><br>After many years as a diving instructor, I realized that the most important things are not found in manuals.<br>Breathing slowly. Moving with precision. Observing without disturbing.<br>This manifesto is a synthesis of these essential learnings.<\/p>\n\n\n\n<div class=\"wp-block-buttons is-content-justification-center is-layout-flex wp-container-core-buttons-is-layout-a89b3969 wp-block-buttons-is-layout-flex\">\n<div class=\"wp-block-button is-style-outline is-style-outline--2\"><a class=\"wp-block-button__link wp-element-button\" href=\"https:\/\/diving-aware.com\/wp-content\/uploads\/2026\/04\/A-Manifesto-for-Conscious-Divers.pdf\">Download the manifesto<\/a><\/div>\n<\/div>\n\n\n\n<p><\/p>","protected":false},"excerpt":{"rendered":"<p>Le manifeste Diving Aware FRApr\u00e8s de nombreuses ann\u00e9es comme instructeur de plong\u00e9e, j\u2019ai constat\u00e9 que l\u2019essentiel ne se trouve pas [&hellip;]<\/p>\n","protected":false},"author":1,"featured_media":0,"parent":0,"menu_order":0,"comment_status":"closed","ping_status":"closed","template":"","meta":{"site-sidebar-layout":"default","site-content-layout":"","ast-site-content-layout":"default","site-content-style":"default","site-sidebar-style":"default","ast-global-header-display":"","ast-banner-title-visibility":"","ast-main-header-display":"","ast-hfb-above-header-display":"","ast-hfb-below-header-display":"","ast-hfb-mobile-header-display":"","site-post-title":"disabled","ast-breadcrumbs-content":"","ast-featured-img":"","footer-sml-layout":"","ast-disable-related-posts":"","theme-transparent-header-meta":"","adv-header-id-meta":"","stick-header-meta":"","header-above-stick-meta":"","header-main-stick-meta":"","header-below-stick-meta":"","astra-migrate-meta-layouts":"default","ast-page-background-enabled":"default","ast-page-background-meta":{"desktop":{"background-color":"var(--ast-global-color-5)","background-image":"","background-repeat":"repeat","background-position":"center center","background-size":"auto","background-attachment":"scroll","background-type":"","background-media":"","overlay-type":"","overlay-color":"","overlay-opacity":"","overlay-gradient":""},"tablet":{"background-color":"","background-image":"","background-repeat":"repeat","background-position":"center center","background-size":"auto","background-attachment":"scroll","background-type":"","background-media":"","overlay-type":"","overlay-color":"","overlay-opacity":"","overlay-gradient":""},"mobile":{"background-color":"","background-image":"","background-repeat":"repeat","background-position":"center center","background-size":"auto","background-attachment":"scroll","background-type":"","background-media":"","overlay-type":"","overlay-color":"","overlay-opacity":"","overlay-gradient":""}},"ast-content-background-meta":{"desktop":{"background-color":"var(--ast-global-color-4)","background-image":"","background-repeat":"repeat","background-position":"center center","background-size":"auto","background-attachment":"scroll","background-type":"","background-media":"","overlay-type":"","overlay-color":"","overlay-opacity":"","overlay-gradient":""},"tablet":{"background-color":"var(--ast-global-color-4)","background-image":"","background-repeat":"repeat","background-position":"center center","background-size":"auto","background-attachment":"scroll","background-type":"","background-media":"","overlay-type":"","overlay-color":"","overlay-opacity":"","overlay-gradient":""},"mobile":{"background-color":"var(--ast-global-color-4)","background-image":"","background-repeat":"repeat","background-position":"center center","background-size":"auto","background-attachment":"scroll","background-type":"","background-media":"","overlay-type":"","overlay-color":"","overlay-opacity":"","overlay-gradient":""}},"footnotes":""},"class_list":["post-212","page","type-page","status-publish","hentry"],"_links":{"self":[{"href":"https:\/\/diving-aware.com\/en\/wp-json\/wp\/v2\/pages\/212","targetHints":{"allow":["GET"]}}],"collection":[{"href":"https:\/\/diving-aware.com\/en\/wp-json\/wp\/v2\/pages"}],"about":[{"href":"https:\/\/diving-aware.com\/en\/wp-json\/wp\/v2\/types\/page"}],"author":[{"embeddable":true,"href":"https:\/\/diving-aware.com\/en\/wp-json\/wp\/v2\/users\/1"}],"replies":[{"embeddable":true,"href":"https:\/\/diving-aware.com\/en\/wp-json\/wp\/v2\/comments?post=212"}],"version-history":[{"count":10,"href":"https:\/\/diving-aware.com\/en\/wp-json\/wp\/v2\/pages\/212\/revisions"}],"predecessor-version":[{"id":229,"href":"https:\/\/diving-aware.com\/en\/wp-json\/wp\/v2\/pages\/212\/revisions\/229"}],"wp:attachment":[{"href":"https:\/\/diving-aware.com\/en\/wp-json\/wp\/v2\/media?parent=212"}],"curies":[{"name":"wp","href":"https:\/\/api.w.org\/{rel}","templated":true}]}}