{"id":115,"date":"2025-04-28T15:19:03","date_gmt":"2025-04-28T15:19:03","guid":{"rendered":"https:\/\/diving-aware.com\/?page_id=115"},"modified":"2026-04-07T10:42:37","modified_gmt":"2026-04-07T10:42:37","slug":"accueil","status":"publish","type":"page","link":"https:\/\/diving-aware.com\/en\/","title":{"rendered":"Accueil"},"content":{"rendered":"<h2 class=\"wp-block-heading has-text-align-center has-ast-global-color-0-color has-text-color has-link-color wp-elements-89193a91412fe48e57ee73fa34987a7d\">Rediscover the sea differently<\/h2>\n\n\n\n<p class=\"has-text-align-center\" style=\"font-size:15px\">Diving Aware invites you to slow down, feel and breathe the present moment underwater. Each immersion becomes a breath, a return to your inner self.<\/p>\n\n\n\n<p><\/p>\n\n\n\n<div class=\"wp-block-columns is-layout-flex wp-container-core-columns-is-layout-28f84493 wp-block-columns-is-layout-flex\">\n<div class=\"wp-block-column is-layout-flow wp-block-column-is-layout-flow\">\n<h2 class=\"wp-block-heading has-text-align-center has-ast-global-color-0-color has-text-color has-link-color wp-elements-e253b9ba36efbe051baf80e0a3b32031\"><strong>Slow Diving<\/strong><\/h2>\n\n\n\n<figure class=\"wp-block-image size-large\"><img loading=\"lazy\" decoding=\"async\" width=\"1024\" height=\"683\" src=\"https:\/\/diving-aware.com\/wp-content\/uploads\/2025\/06\/slowdivingpadifreediving-1-1024x683.jpeg\" alt=\"\" class=\"wp-image-184\" srcset=\"https:\/\/diving-aware.com\/wp-content\/uploads\/2025\/06\/slowdivingpadifreediving-1-1024x683.jpeg 1024w, https:\/\/diving-aware.com\/wp-content\/uploads\/2025\/06\/slowdivingpadifreediving-1-300x200.jpeg 300w, https:\/\/diving-aware.com\/wp-content\/uploads\/2025\/06\/slowdivingpadifreediving-1-768x512.jpeg 768w, https:\/\/diving-aware.com\/wp-content\/uploads\/2025\/06\/slowdivingpadifreediving-1-1536x1024.jpeg 1536w, https:\/\/diving-aware.com\/wp-content\/uploads\/2025\/06\/slowdivingpadifreediving-1-18x12.jpeg 18w, https:\/\/diving-aware.com\/wp-content\/uploads\/2025\/06\/slowdivingpadifreediving-1.jpeg 1843w\" sizes=\"auto, (max-width: 1024px) 100vw, 1024px\" \/><\/figure>\n\n\n\n<p>Dive to the rhythm of your breath. Feel every movement of the water as an invitation to slow down and be fully present.<\/p>\n<\/div>\n\n\n\n<div class=\"wp-block-column is-layout-flow wp-block-column-is-layout-flow\">\n<h2 class=\"wp-block-heading has-text-align-center has-ast-global-color-0-color has-text-color has-link-color wp-elements-1af00d8ae501484164fb51e335a227f1\"><strong>Eco Diving<\/strong><\/h2>\n\n\n\n<figure class=\"wp-block-image size-large\"><img loading=\"lazy\" decoding=\"async\" width=\"1024\" height=\"683\" src=\"https:\/\/diving-aware.com\/wp-content\/uploads\/2025\/06\/slowdivingpadisaveocean-1024x683.jpeg\" alt=\"\" class=\"wp-image-187\" srcset=\"https:\/\/diving-aware.com\/wp-content\/uploads\/2025\/06\/slowdivingpadisaveocean-1024x683.jpeg 1024w, https:\/\/diving-aware.com\/wp-content\/uploads\/2025\/06\/slowdivingpadisaveocean-300x200.jpeg 300w, https:\/\/diving-aware.com\/wp-content\/uploads\/2025\/06\/slowdivingpadisaveocean-768x512.jpeg 768w, https:\/\/diving-aware.com\/wp-content\/uploads\/2025\/06\/slowdivingpadisaveocean-1536x1024.jpeg 1536w, https:\/\/diving-aware.com\/wp-content\/uploads\/2025\/06\/slowdivingpadisaveocean-2048x1365.jpeg 2048w, https:\/\/diving-aware.com\/wp-content\/uploads\/2025\/06\/slowdivingpadisaveocean-18x12.jpeg 18w\" sizes=\"auto, (max-width: 1024px) 100vw, 1024px\" \/><\/figure>\n\n\n\n<p>To respect the ocean, is to honor yourself. Each immersion is a silent pact whith the fragile beauty of the marine world.<\/p>\n<\/div>\n\n\n\n<div class=\"wp-block-column is-layout-flow wp-block-column-is-layout-flow\">\n<h2 class=\"wp-block-heading has-text-align-center has-ast-global-color-0-color has-text-color has-link-color wp-elements-bf4d05a94f14cdb5c01ae2ff74d3fafe\"><strong>Well being retreats<\/strong><\/h2>\n\n\n\n<figure class=\"wp-block-image size-large\"><img loading=\"lazy\" decoding=\"async\" width=\"1024\" height=\"683\" src=\"https:\/\/diving-aware.com\/wp-content\/uploads\/2025\/06\/slowdivingpadiretreat-1024x683.jpeg\" alt=\"\" class=\"wp-image-186\" srcset=\"https:\/\/diving-aware.com\/wp-content\/uploads\/2025\/06\/slowdivingpadiretreat-1024x683.jpeg 1024w, https:\/\/diving-aware.com\/wp-content\/uploads\/2025\/06\/slowdivingpadiretreat-300x200.jpeg 300w, https:\/\/diving-aware.com\/wp-content\/uploads\/2025\/06\/slowdivingpadiretreat-768x512.jpeg 768w, https:\/\/diving-aware.com\/wp-content\/uploads\/2025\/06\/slowdivingpadiretreat-1536x1024.jpeg 1536w, https:\/\/diving-aware.com\/wp-content\/uploads\/2025\/06\/slowdivingpadiretreat-18x12.jpeg 18w, https:\/\/diving-aware.com\/wp-content\/uploads\/2025\/06\/slowdivingpadiretreat.jpeg 1920w\" sizes=\"auto, (max-width: 1024px) 100vw, 1024px\" \/><\/figure>\n\n\n\n<p>Reconnect body, spirit and nature. Our retreats blend the gentleness of water, conscious breathing and the art of letting go.<\/p>\n<\/div>\n<\/div>\n\n\n\n<blockquote class=\"wp-block-quote is-style-plain is-layout-flow wp-block-quote-is-layout-flow\">\n<p class=\"has-text-align-center translation-block\">\"An unforgettable immersion. I found my inner breath thanks to the water.\" \u2013 Sophie R<\/p>\n<\/blockquote>\n\n\n\n<p class=\"has-text-align-center has-medium-font-size\"><a href=\"https:\/\/diving-aware.com\/en\/?page_id=46\" data-type=\"page\" data-id=\"46\">Receive the wave of the water's breath<\/a><\/p>\n\n\n\n<p><\/p>","protected":false},"excerpt":{"rendered":"<p>Red\u00e9couvrez la mer autrement Diving Aware vous invite \u00e0 ralentir, ressentir et respirer l&rsquo;instant pr\u00e9sent sous l&rsquo;eau. Chaque immersion devient [&hellip;]<\/p>\n","protected":false},"author":1,"featured_media":0,"parent":0,"menu_order":0,"comment_status":"closed","ping_status":"closed","template":"","meta":{"site-sidebar-layout":"default","site-content-layout":"","ast-site-content-layout":"full-width-container","site-content-style":"default","site-sidebar-style":"default","ast-global-header-display":"","ast-banner-title-visibility":"","ast-main-header-display":"","ast-hfb-above-header-display":"","ast-hfb-below-header-display":"","ast-hfb-mobile-header-display":"","site-post-title":"disabled","ast-breadcrumbs-content":"","ast-featured-img":"","footer-sml-layout":"","ast-disable-related-posts":"","theme-transparent-header-meta":"","adv-header-id-meta":"","stick-header-meta":"","header-above-stick-meta":"","header-main-stick-meta":"","header-below-stick-meta":"","astra-migrate-meta-layouts":"default","ast-page-background-enabled":"default","ast-page-background-meta":{"desktop":{"background-color":"var(--ast-global-color-5)","background-image":"","background-repeat":"repeat","background-position":"center center","background-size":"auto","background-attachment":"scroll","background-type":"","background-media":"","overlay-type":"","overlay-color":"","overlay-opacity":"","overlay-gradient":""},"tablet":{"background-color":"","background-image":"","background-repeat":"repeat","background-position":"center center","background-size":"auto","background-attachment":"scroll","background-type":"","background-media":"","overlay-type":"","overlay-color":"","overlay-opacity":"","overlay-gradient":""},"mobile":{"background-color":"","background-image":"","background-repeat":"repeat","background-position":"center center","background-size":"auto","background-attachment":"scroll","background-type":"","background-media":"","overlay-type":"","overlay-color":"","overlay-opacity":"","overlay-gradient":""}},"ast-content-background-meta":{"desktop":{"background-color":"var(--ast-global-color-4)","background-image":"","background-repeat":"repeat","background-position":"center center","background-size":"auto","background-attachment":"scroll","background-type":"","background-media":"","overlay-type":"","overlay-color":"","overlay-opacity":"","overlay-gradient":""},"tablet":{"background-color":"var(--ast-global-color-4)","background-image":"","background-repeat":"repeat","background-position":"center center","background-size":"auto","background-attachment":"scroll","background-type":"","background-media":"","overlay-type":"","overlay-color":"","overlay-opacity":"","overlay-gradient":""},"mobile":{"background-color":"var(--ast-global-color-4)","background-image":"","background-repeat":"repeat","background-position":"center center","background-size":"auto","background-attachment":"scroll","background-type":"","background-media":"","overlay-type":"","overlay-color":"","overlay-opacity":"","overlay-gradient":""}},"footnotes":""},"class_list":["post-115","page","type-page","status-publish","hentry"],"_links":{"self":[{"href":"https:\/\/diving-aware.com\/en\/wp-json\/wp\/v2\/pages\/115","targetHints":{"allow":["GET"]}}],"collection":[{"href":"https:\/\/diving-aware.com\/en\/wp-json\/wp\/v2\/pages"}],"about":[{"href":"https:\/\/diving-aware.com\/en\/wp-json\/wp\/v2\/types\/page"}],"author":[{"embeddable":true,"href":"https:\/\/diving-aware.com\/en\/wp-json\/wp\/v2\/users\/1"}],"replies":[{"embeddable":true,"href":"https:\/\/diving-aware.com\/en\/wp-json\/wp\/v2\/comments?post=115"}],"version-history":[{"count":29,"href":"https:\/\/diving-aware.com\/en\/wp-json\/wp\/v2\/pages\/115\/revisions"}],"predecessor-version":[{"id":230,"href":"https:\/\/diving-aware.com\/en\/wp-json\/wp\/v2\/pages\/115\/revisions\/230"}],"wp:attachment":[{"href":"https:\/\/diving-aware.com\/en\/wp-json\/wp\/v2\/media?parent=115"}],"curies":[{"name":"wp","href":"https:\/\/api.w.org\/{rel}","templated":true}]}}